{"id":32,"date":"2026-03-23T15:22:36","date_gmt":"2026-03-23T15:22:36","guid":{"rendered":"https:\/\/wavlenu.guru\/?page_id=32"},"modified":"2026-03-23T15:22:39","modified_gmt":"2026-03-23T15:22:39","slug":"allgemeine-bedingungen-fuer-unsere-reinigungsdienste","status":"publish","type":"page","link":"https:\/\/wavlenu.guru\/?page_id=32","title":{"rendered":"Allgemeine bedingungen f\u00fcr unsere reinigungsdienste"},"content":{"rendered":"\n<p>Die folgenden bedingungen regeln die vertragliche beziehung zwischen ihnen als auftraggeber und der firma wavlenu unter der leitung von Erna Mangeng. Mit der beauftragung unserer dienstleistungen in Scheibbs erkennen sie diese regeln als verbindlichen bestandteil unserer zusammenarbeit an, wobei wir auf klare absprachen setzen. Unsere leistungen umfassen die vereinbarten reinigungst\u00e4tigkeiten in ihren privatwohnungen oder gesch\u00e4ftsr\u00e4umen, wobei die genauen details in einem individuellen leistungsverzeichnis festgehalten werden. Wir verpflichten uns zur p\u00fcnktlichen sowie gewissenhaften ausf\u00fchrung aller arbeiten durch unser geschultes personal, welches fest bei wavlenu angestellt ist.<\/p>\n\n\n\n<figure class=\"wp-block-table\"><table class=\"has-fixed-layout\"><thead><tr><td><strong>Vertragspunkt<\/strong><\/td><td><strong>Regelung durch wavlenu<\/strong><\/td><td><strong>Besonderer hinweis<\/strong><\/td><\/tr><\/thead><tbody><tr><td>Stornierung<\/td><td>Kostenfrei bis achtundvierzig stunden vor dem termin<\/td><td>Sp\u00e4tere absagen werden anteilig verrechnet<\/td><\/tr><tr><td>Haftung<\/td><td>Deckung durch unsere betriebshaftpflichtversicherung<\/td><td>Sch\u00e4den m\u00fcssen innerhalb von 24 stunden gemeldet werden<\/td><\/tr><tr><td>Materialstellung<\/td><td>Reinigungsmittel werden durch wavlenu gestellt<\/td><td>Spezielle kundenw\u00fcnsche nach absprache<\/td><\/tr><tr><td>Zahlung<\/td><td>\u00dcberweisung innerhalb von sieben tagen nach rechnungslegung<\/td><td>Keine barzahlung vor ort erw\u00fcnscht<\/td><\/tr><tr><td>Zutritt<\/td><td>Schl\u00fcssel\u00fcbergabe oder anwesenheit des kunden<\/td><td>Vertraulichkeit der schl\u00fcssel wird garantiert<\/td><\/tr><\/tbody><\/table><\/figure>\n\n\n\n<p>Sollten sch\u00e4den w\u00e4hrend der reinigung durch ein verschulden unseres personals entstehen, so haftet wavlenu im rahmen der gesetzlichen vorschriften sowie unserer versicherungspolice. Reklamationen bez\u00fcglich der durchgef\u00fchrten arbeiten m\u00fcssen unmittelbar an Erna Mangeng gemeldet werden, damit wir eine sofortige nachbesserung in die wege leiten k\u00f6nnen. Wir \u00fcbernehmen keine haftung f\u00fcr sch\u00e4den an materialien, die bereits vorbeginn unserer t\u00e4tigkeit m\u00e4ngel aufwiesen oder f\u00fcr die wir nicht ausdr\u00fccklich instruiert wurden. Der gerichtsstand f\u00fcr alle streitigkeiten aus diesem vertragsverh\u00e4ltnis ist das sachlich zust\u00e4ndige gericht in Scheibbs, sofern der kunde kein verbraucher im sinne des konsumentenschutzgesetzes ist. Wir setzen auf ein faires miteinander sowie auf eine langj\u00e4hrige partnerschaft mit unseren kunden in der gegend Auf der Sonnleiten.<\/p>\n","protected":false},"excerpt":{"rendered":"<p>Die folgenden bedingungen regeln die vertragliche beziehung zwischen ihnen als auftraggeber und der firma wavlenu unter der leitung von Erna Mangeng. Mit der beauftragung unserer dienstleistungen in Scheibbs erkennen sie diese regeln als verbindlichen bestandteil unserer zusammenarbeit an, wobei wir auf klare absprachen setzen. Unsere leistungen umfassen die vereinbarten reinigungst\u00e4tigkeiten in ihren privatwohnungen oder gesch\u00e4ftsr\u00e4umen, [&hellip;]<\/p>\n","protected":false},"author":1,"featured_media":0,"parent":0,"menu_order":8,"comment_status":"closed","ping_status":"closed","template":"","meta":{"footnotes":""},"class_list":["post-32","page","type-page","status-publish","hentry"],"_links":{"self":[{"href":"https:\/\/wavlenu.guru\/index.php?rest_route=\/wp\/v2\/pages\/32","targetHints":{"allow":["GET"]}}],"collection":[{"href":"https:\/\/wavlenu.guru\/index.php?rest_route=\/wp\/v2\/pages"}],"about":[{"href":"https:\/\/wavlenu.guru\/index.php?rest_route=\/wp\/v2\/types\/page"}],"author":[{"embeddable":true,"href":"https:\/\/wavlenu.guru\/index.php?rest_route=\/wp\/v2\/users\/1"}],"replies":[{"embeddable":true,"href":"https:\/\/wavlenu.guru\/index.php?rest_route=%2Fwp%2Fv2%2Fcomments&post=32"}],"version-history":[{"count":1,"href":"https:\/\/wavlenu.guru\/index.php?rest_route=\/wp\/v2\/pages\/32\/revisions"}],"predecessor-version":[{"id":33,"href":"https:\/\/wavlenu.guru\/index.php?rest_route=\/wp\/v2\/pages\/32\/revisions\/33"}],"wp:attachment":[{"href":"https:\/\/wavlenu.guru\/index.php?rest_route=%2Fwp%2Fv2%2Fmedia&parent=32"}],"curies":[{"name":"wp","href":"https:\/\/api.w.org\/{rel}","templated":true}]}}