{"id":28,"date":"2026-03-23T15:22:12","date_gmt":"2026-03-23T15:22:12","guid":{"rendered":"https:\/\/wavlenu.guru\/?page_id=28"},"modified":"2026-03-23T15:22:15","modified_gmt":"2026-03-23T15:22:15","slug":"datenschutzerklaerung-und-schutz-ihrer-privatsphaere","status":"publish","type":"page","link":"https:\/\/wavlenu.guru\/?page_id=28","title":{"rendered":"Datenschutzerkl\u00e4rung und schutz ihrer privatsph\u00e4re"},"content":{"rendered":"\n<p>Der schutz ihrer pers\u00f6nlichen lebenssph\u00e4re ist f\u00fcr das team von wavlenu ein unumst\u00f6\u00dfliches prinzip bei der t\u00e4glichen arbeit in ihren privaten r\u00e4umen. Erna Mangeng verarbeitet ihre daten ausschlie\u00dflich auf grundlage der gesetzlichen bestimmungen der europ\u00e4ischen datenschutzgrundverordnung sowie des \u00f6sterreichischen datenschutzgesetzes in der aktuellen fassung. Wenn sie uns eine anfrage per mail an support@wavlenu.guru senden, speichern wir die von ihnen angegebenen informationen lediglich zwecks bearbeitung der anfrage sowie f\u00fcr den fall von anschlussfragen f\u00fcr einen zeitraum von sechs monaten. Diese daten geben wir unter keinen umst\u00e4nden ohne ihre ausdr\u00fcckliche einwilligung an dritte weiter, da wir die diskretion als basis unserer zusammenarbeit betrachten.<\/p>\n\n\n\n<ol start=\"1\" class=\"wp-block-list\">\n<li>Erfassung technischer logfiles beim aufruf der webseite zur sicherstellung des betriebs<\/li>\n\n\n\n<li>Speicherung von namen sowie adressdaten im falle einer auftragserteilung in Scheibbs<\/li>\n\n\n\n<li>Verarbeitung von zahlungsinformationen zur ordnungsgem\u00e4\u00dfen steuerlichen abrechnung<\/li>\n\n\n\n<li>Dokumentation von spezifischen reinigungsw\u00fcnschen zur qualit\u00e4tssicherung unserer arbeit<\/li>\n\n\n\n<li>Aufbewahrung von korrespondenz zur kl\u00e4rung von vertragsrelevanten sachverhalten<\/li>\n<\/ol>\n\n\n\n<p>Sie haben gegen\u00fcber wavlenu grunds\u00e4tzlich die rechte auf auskunft sowie berichtigung und l\u00f6schung ihrer daten, sofern keine gesetzlichen aufbewahrungsfristen dagegen sprechen. Ebenso steht ihnen ein recht auf einschr\u00e4nkung der verarbeitung sowie auf daten\u00fcbertragbarkeit und widerruf einer bereits erteilten einwilligung zu. Erna Mangeng \u00fcberwacht pers\u00f6nlich die einhaltung dieser standards innerhalb unseres kleinen betriebs, damit ihre sicherheit auch im digitalen bereich gew\u00e4hrleistet bleibt. Beschwerden k\u00f6nnen bei bedarf an die \u00f6sterreichische datenschutzbeh\u00f6rde gerichtet werden, wobei wir stets bem\u00fcht sind, etwaige unstimmigkeiten im direkten gespr\u00e4ch in Scheibbs zu kl\u00e4ren. Wir setzen moderne verschl\u00fcsselungstechniken ein, um die vertraulichkeit ihrer nachrichten an uns zu sch\u00fctzen, w\u00e4hrend sie sich auf die sauberkeit ihrer wohnung konzentrieren k\u00f6nnen.<\/p>\n","protected":false},"excerpt":{"rendered":"<p>Der schutz ihrer pers\u00f6nlichen lebenssph\u00e4re ist f\u00fcr das team von wavlenu ein unumst\u00f6\u00dfliches prinzip bei der t\u00e4glichen arbeit in ihren privaten r\u00e4umen. Erna Mangeng verarbeitet ihre daten ausschlie\u00dflich auf grundlage der gesetzlichen bestimmungen der europ\u00e4ischen datenschutzgrundverordnung sowie des \u00f6sterreichischen datenschutzgesetzes in der aktuellen fassung. Wenn sie uns eine anfrage per mail an support@wavlenu.guru senden, speichern [&hellip;]<\/p>\n","protected":false},"author":1,"featured_media":0,"parent":0,"menu_order":6,"comment_status":"closed","ping_status":"closed","template":"","meta":{"footnotes":""},"class_list":["post-28","page","type-page","status-publish","hentry"],"_links":{"self":[{"href":"https:\/\/wavlenu.guru\/index.php?rest_route=\/wp\/v2\/pages\/28","targetHints":{"allow":["GET"]}}],"collection":[{"href":"https:\/\/wavlenu.guru\/index.php?rest_route=\/wp\/v2\/pages"}],"about":[{"href":"https:\/\/wavlenu.guru\/index.php?rest_route=\/wp\/v2\/types\/page"}],"author":[{"embeddable":true,"href":"https:\/\/wavlenu.guru\/index.php?rest_route=\/wp\/v2\/users\/1"}],"replies":[{"embeddable":true,"href":"https:\/\/wavlenu.guru\/index.php?rest_route=%2Fwp%2Fv2%2Fcomments&post=28"}],"version-history":[{"count":1,"href":"https:\/\/wavlenu.guru\/index.php?rest_route=\/wp\/v2\/pages\/28\/revisions"}],"predecessor-version":[{"id":29,"href":"https:\/\/wavlenu.guru\/index.php?rest_route=\/wp\/v2\/pages\/28\/revisions\/29"}],"wp:attachment":[{"href":"https:\/\/wavlenu.guru\/index.php?rest_route=%2Fwp%2Fv2%2Fmedia&parent=28"}],"curies":[{"name":"wp","href":"https:\/\/api.w.org\/{rel}","templated":true}]}}