{"id":26,"date":"2026-03-23T15:21:59","date_gmt":"2026-03-23T15:21:59","guid":{"rendered":"https:\/\/wavlenu.guru\/?page_id=26"},"modified":"2026-03-23T15:22:03","modified_gmt":"2026-03-23T15:22:03","slug":"impressum-und-gesetzliche-offenlegungspflichten","status":"publish","type":"page","link":"https:\/\/wavlenu.guru\/?page_id=26","title":{"rendered":"Impressum und gesetzliche offenlegungspflichten"},"content":{"rendered":"\n<p>Die folgende darstellung der rechtlichen rahmenbedingungen erfolgt gem\u00e4\u00df den strengen anforderungen des \u00f6sterreichischen unternehmensgesetzbuchs sowie der gewerbeordnung f\u00fcr den standort Scheibbs. Als inhabergef\u00fchrter betrieb legt wavlenu gr\u00f6\u00dften wert auf die vollst\u00e4ndige transparenz gegen\u00fcber allen auftraggebern sowie gesch\u00e4ftspartnern in der region Nieder\u00f6sterreich. Erna Mangeng zeichnet sich pers\u00f6nlich f\u00fcr die inhalte dieser webpr\u00e4senz verantwortlich, wobei wir uns als kleines lokales team von sechs fachkr\u00e4ften verstehen, die im bereich der haushaltsnahen dienstleistungen t\u00e4tig sind. Unsere t\u00e4tigkeit unterliegt den geltenden gesetzlichen bestimmungen f\u00fcr das reinigungsgewerbe, welche wir mit h\u00f6chster sorgfalt einhalten.<\/p>\n\n\n\n<figure class=\"wp-block-table\"><table class=\"has-fixed-layout\"><thead><tr><td><strong>Merkmal der information<\/strong><\/td><td><strong>Details zur rechtlichen einheit<\/strong><\/td><\/tr><\/thead><tbody><tr><td>Verantwortliche inhaberin<\/td><td>Erna Mangeng<\/td><\/tr><tr><td>Bezeichnung des unternehmens<\/td><td>wavlenu<\/td><\/tr><tr><td>Standort der niederlassung<\/td><td>Auf der Sonnleiten 7, 3270 Scheibbs<\/td><\/tr><tr><td>Elektronische postadresse<\/td><td>support@wavlenu.guru<\/td><\/tr><tr><td>Zust\u00e4ndige beh\u00f6rde<\/td><td>Bezirkshauptmannschaft Scheibbs<\/td><\/tr><tr><td>Gesetzliche interessenvertretung<\/td><td>Wirtschaftskammer Nieder\u00f6sterreich<\/td><\/tr><\/tbody><\/table><\/figure>\n\n\n\n<p>Die inhalte auf diesen seiten dienen der allgemeinen information \u00fcber unsere spezialisierten reinigungsverfahren f\u00fcr privatwohnungen sowie b\u00fcror\u00e4umlichkeiten im raum Scheibbs. Wir weisen darauf hin, dass s\u00e4mtliche texte sowie grafische darstellungen dem urheberrecht unterliegen und eine vervielf\u00e4ltigung ohne ausdr\u00fcckliche zustimmung von Erna Mangeng untersagt bleibt. Sollten sie fragen zu unseren zertifizierungen oder zur betriebshaftpflichtversicherung haben, k\u00f6nnen sie uns jederzeit \u00fcber die oben genannte mailadresse kontaktieren. Unser b\u00fcro Auf der Sonnleiten 7 fungiert als zentrale koordinationsstelle f\u00fcr alle eins\u00e4tze in der gemeinde sowie in den angrenzenden bezirken des Mostviertels. Wir garantieren f\u00fcr die aktualit\u00e4t der bereitgestellten daten, \u00fcbernehmen jedoch keine haftung f\u00fcr inhalte externer verlinkungen, da wir auf deren gestaltung keinen einfluss nehmen k\u00f6nnen.<\/p>\n","protected":false},"excerpt":{"rendered":"<p>Die folgende darstellung der rechtlichen rahmenbedingungen erfolgt gem\u00e4\u00df den strengen anforderungen des \u00f6sterreichischen unternehmensgesetzbuchs sowie der gewerbeordnung f\u00fcr den standort Scheibbs. Als inhabergef\u00fchrter betrieb legt wavlenu gr\u00f6\u00dften wert auf die vollst\u00e4ndige transparenz gegen\u00fcber allen auftraggebern sowie gesch\u00e4ftspartnern in der region Nieder\u00f6sterreich. Erna Mangeng zeichnet sich pers\u00f6nlich f\u00fcr die inhalte dieser webpr\u00e4senz verantwortlich, wobei wir uns [&hellip;]<\/p>\n","protected":false},"author":1,"featured_media":0,"parent":0,"menu_order":5,"comment_status":"closed","ping_status":"closed","template":"","meta":{"footnotes":""},"class_list":["post-26","page","type-page","status-publish","hentry"],"_links":{"self":[{"href":"https:\/\/wavlenu.guru\/index.php?rest_route=\/wp\/v2\/pages\/26","targetHints":{"allow":["GET"]}}],"collection":[{"href":"https:\/\/wavlenu.guru\/index.php?rest_route=\/wp\/v2\/pages"}],"about":[{"href":"https:\/\/wavlenu.guru\/index.php?rest_route=\/wp\/v2\/types\/page"}],"author":[{"embeddable":true,"href":"https:\/\/wavlenu.guru\/index.php?rest_route=\/wp\/v2\/users\/1"}],"replies":[{"embeddable":true,"href":"https:\/\/wavlenu.guru\/index.php?rest_route=%2Fwp%2Fv2%2Fcomments&post=26"}],"version-history":[{"count":1,"href":"https:\/\/wavlenu.guru\/index.php?rest_route=\/wp\/v2\/pages\/26\/revisions"}],"predecessor-version":[{"id":27,"href":"https:\/\/wavlenu.guru\/index.php?rest_route=\/wp\/v2\/pages\/26\/revisions\/27"}],"wp:attachment":[{"href":"https:\/\/wavlenu.guru\/index.php?rest_route=%2Fwp%2Fv2%2Fmedia&parent=26"}],"curies":[{"name":"wp","href":"https:\/\/api.w.org\/{rel}","templated":true}]}}